{"id":3483,"date":"2024-07-27T17:00:11","date_gmt":"2024-07-27T14:00:11","guid":{"rendered":"https:\/\/cuzdandeposu.com\/?post_type=product&#038;p=3483"},"modified":"2024-09-14T17:58:34","modified_gmt":"2024-09-14T14:58:34","slug":"majesty-north-2723-telefon-girisli-vizon-deri-kadin-cuzdan","status":"publish","type":"product","link":"https:\/\/cuzdandeposu.com\/index.php\/product\/majesty-north-2723-telefon-girisli-vizon-deri-kadin-cuzdan\/","title":{"rendered":"Majesty North 2723 Telefon Giri\u015fli Vizon Deri Kad\u0131n C\u00fczdan"},"content":{"rendered":"<p><strong>\u00dcr\u00fcn Bilgileri:<\/strong><\/p>\n<p><strong>Birinci s\u0131n\u0131f deri ve titiz el i\u015f\u00e7ili\u011fi<\/strong>\u00a0\u00a0ile \u00fcretilmi\u015f\u00a0<strong>MAJESTY NORTH <\/strong>markad\u0131r.<\/p>\n<p>Di\u011fer renk ve modellerimiz i\u00e7in ma\u011fazam\u0131z\u0131 ziyaret edebilirsiniz.<\/p>\n<p><strong>MAJESTY NORTH <\/strong>C\u00fczdan modellerimiz\u00a0<strong>T\u00fcrkiyede<\/strong>\u00a0<strong>TSE standartlar\u0131nda<\/strong>\u00a0\u00fcretilmi\u015f olup\u00a0<strong>%100 Orijinal Deriden<\/strong>\u00a0olu\u015fmaktad\u0131r.<\/p>\n<p><strong>\u00dcr\u00fcn \u00d6l\u00e7\u00fcleri:<\/strong><\/p>\n<p>Geni\u015flik; 9 cm<\/p>\n<p>Y\u00fckseklik; 18.5 cm<\/p>\n<p><strong>\u00dcr\u00fcn Detaylar\u0131:<\/strong><\/p>\n<p><img decoding=\"async\" class=\"emoji\" role=\"img\" draggable=\"false\" src=\"https:\/\/s.w.org\/images\/core\/emoji\/14.0.0\/svg\/2705.svg\" alt=\"\u2705\" \/> T\u00fcm Marka Model Telefonlarla Uyumlu<\/p>\n<p><img decoding=\"async\" class=\"emoji\" role=\"img\" draggable=\"false\" src=\"https:\/\/s.w.org\/images\/core\/emoji\/12.0.0-1\/svg\/2705.svg\" alt=\"\u2705\" \/> 11 Adet Kredi Kart\u0131 B\u00f6lmesi<\/p>\n<p><img decoding=\"async\" class=\"emoji\" role=\"img\" draggable=\"false\" src=\"https:\/\/s.w.org\/images\/core\/emoji\/12.0.0-1\/svg\/2705.svg\" alt=\"\u2705\" \/>\u00a01 Adet Fileli B\u00f6lme (Ehliyet \u2013 Kimlik )<\/p>\n<p><img decoding=\"async\" class=\"emoji\" role=\"img\" draggable=\"false\" src=\"https:\/\/s.w.org\/images\/core\/emoji\/12.0.0-1\/svg\/2705.svg\" alt=\"\u2705\" \/> 1 Adet Ka\u011f\u0131t Para B\u00f6lmesi<\/p>\n<p><img decoding=\"async\" class=\"emoji\" role=\"img\" draggable=\"false\" src=\"https:\/\/s.w.org\/images\/core\/emoji\/12.0.0-1\/svg\/2705.svg\" alt=\"\u2705\" \/> 4 Adet Gizli B\u00f6lme<\/p>\n<p><img decoding=\"async\" class=\"emoji\" role=\"img\" draggable=\"false\" src=\"https:\/\/s.w.org\/images\/core\/emoji\/14.0.0\/svg\/2705.svg\" alt=\"\u2705\" \/> 1 Adet Fermuarl\u0131 B\u00f6lme<\/p>\n<p><img decoding=\"async\" class=\"emoji\" role=\"img\" draggable=\"false\" src=\"https:\/\/s.w.org\/images\/core\/emoji\/12.0.0-1\/svg\/2705.svg\" alt=\"\u2705\" \/>\u00a0%100 Hakiki Ger\u00e7ek Deri<\/p>\n<p>\u00dcr\u00fcnlerimizde\u00a0<strong>\u00a0%100 Yerli S\u0131\u011f\u0131r Derisi<\/strong>, yerli \u00fcretim astar ve 1. kalite aksesuarlar (k\u0131r\u0131lmaz \u00e7ekme \u00e7elik) kullan\u0131lmaktad\u0131r.<\/p>\n<p><strong>Sipari\u015f ve Teslimat:<\/strong><\/p>\n<ul>\n<li>\u00dcr\u00fcnlerimiz 2 y\u0131l\u00a0<strong>MAJESTY NORTH <\/strong>firma garantilidir.<\/li>\n<li>G\u00f6nderilen t\u00fcm \u00fcr\u00fcnler \u00f6zel koruma k\u0131l\u0131f\u0131nda ve kutusunda teslim edilir.<\/li>\n<li>Faturan\u0131z garanti belgesi olarak kullan\u0131l\u0131r.<\/li>\n<li>Alt tutar belirtmeksizin t\u00fcm \u00fcr\u00fcnlerde \u00fccretsiz kargo.<\/li>\n<li>T\u00fcm kredi kartlar\u0131na 12 aya varan taksit imkan\u0131.<\/li>\n<li>\u00dcr\u00fcnler TSE ve ISO 9002 belgelidir.<\/li>\n<\/ul>\n","protected":false},"excerpt":{"rendered":"<p>Ayn\u0131 G\u00fcn Kargo | 2 Y\u0131l Garantili \u00dcr\u00fcn | %100 Hakiki Deri<\/p>\n","protected":false},"featured_media":3574,"comment_status":"open","ping_status":"closed","template":"","meta":{"spay_email":"","jetpack_publicize_message":"","jetpack_is_tweetstorm":false,"jetpack_publicize_feature_enabled":true},"product_brand":[],"product_cat":[42],"product_tag":[17,18,19,20,21,22,24,25,26,27,299,301,28,29,30,31,32,34,35,36,274,37],"class_list":{"0":"post-3483","1":"product","2":"type-product","3":"status-publish","4":"has-post-thumbnail","6":"product_cat-kadin-cuzdan-cuzdan","7":"product_tag-akilli-cuzdan","8":"product_tag-babalar-gunu-hediyesi","9":"product_tag-cuzdan","10":"product_tag-deri-kartlik","11":"product_tag-deri-kredi-kartlik","12":"product_tag-dogum-gunu-hediyesi","13":"product_tag-erkek-cuzdan","14":"product_tag-erkek-kartlik","15":"product_tag-fermuarli-cuzdan","16":"product_tag-hediye","17":"product_tag-kadin-canta","18":"product_tag-kadin-canta-modelleri","19":"product_tag-kaliteli-cuzdan","20":"product_tag-kaliteli-kartlik","21":"product_tag-kartlik","22":"product_tag-leather","23":"product_tag-majesty-north","24":"product_tag-mekanizmali-cuzdan","25":"product_tag-men-wallet","26":"product_tag-sevgiliye-hediye","27":"product_tag-spor-canta","28":"product_tag-wallet","30":"first","31":"instock","32":"sale","33":"shipping-taxable","34":"purchasable","35":"product-type-simple"},"jetpack-related-posts":[{"id":2598,"url":"https:\/\/cuzdandeposu.com\/index.php\/product\/majesty-north-3015-telefon-girisli-lacivert-deri-cuzdan\/","url_meta":{"origin":3483,"position":0},"title":"Majesty North 3015 Telefon Giri\u015fli Lacivert Deri C\u00fczdan","date":"20 Ocak 2022","format":false,"excerpt":"Ayn\u0131 G\u00fcn Kargo | 2 Y\u0131l Garantili \u00dcr\u00fcn | %100 Hakiki Deri","rel":"","context":"Benzer yaz\u0131","img":{"alt_text":"","src":"https:\/\/i0.wp.com\/cuzdandeposu.com\/wp-content\/uploads\/2022\/01\/Majesty-North-3015-Telefon-Girisli-Lacivert-Deri-Cuzdan1.jpeg?resize=350%2C200&ssl=1","width":350,"height":200},"classes":[]},{"id":2611,"url":"https:\/\/cuzdandeposu.com\/index.php\/product\/majesty-north-3015-telefon-girisli-taba-deri-cuzdan\/","url_meta":{"origin":3483,"position":1},"title":"Majesty North 3015 Telefon Giri\u015fli Taba Deri C\u00fczdan","date":"20 Ocak 2022","format":false,"excerpt":"Ayn\u0131 G\u00fcn Kargo | 2 Y\u0131l Garantili \u00dcr\u00fcn | %100 Hakiki Deri","rel":"","context":"Benzer yaz\u0131","img":{"alt_text":"","src":"https:\/\/i0.wp.com\/cuzdandeposu.com\/wp-content\/uploads\/2022\/01\/Majesty-North-3015-Telefon-Girisli-Taba-Deri-Cuzdan1.jpeg?resize=350%2C200&ssl=1","width":350,"height":200},"classes":[]},{"id":2612,"url":"https:\/\/cuzdandeposu.com\/index.php\/product\/majesty-north-3015-telefon-girisli-siyah-deri-cuzdan\/","url_meta":{"origin":3483,"position":2},"title":"Majesty North 3015 Telefon Giri\u015fli Siyah Deri C\u00fczdan","date":"20 Ocak 2022","format":false,"excerpt":"Ayn\u0131 G\u00fcn Kargo | 2 Y\u0131l Garantili \u00dcr\u00fcn | %100 Hakiki Deri","rel":"","context":"Benzer yaz\u0131","img":{"alt_text":"","src":"https:\/\/i0.wp.com\/cuzdandeposu.com\/wp-content\/uploads\/2022\/01\/Majesty-North-3015-Telefon-Girisli-Siyah-Deri-Cuzdan1.jpeg?resize=350%2C200&ssl=1","width":350,"height":200},"classes":[]},{"id":2613,"url":"https:\/\/cuzdandeposu.com\/index.php\/product\/majesty-north-3023-telefon-girisli-bordo-deri-cuzdan\/","url_meta":{"origin":3483,"position":3},"title":"Majesty North 3023 Telefon Giri\u015fli Bordo Deri C\u00fczdan","date":"20 Ocak 2022","format":false,"excerpt":"Ayn\u0131 G\u00fcn Kargo | 2 Y\u0131l Garantili \u00dcr\u00fcn | %100 Hakiki Deri","rel":"","context":"Benzer yaz\u0131","img":{"alt_text":"","src":"https:\/\/i0.wp.com\/cuzdandeposu.com\/wp-content\/uploads\/2022\/01\/Majesty-North-3023-Telefon-Girisli-Bordo-Deri-Cuzdan1.jpeg?resize=350%2C200&ssl=1","width":350,"height":200},"classes":[]},{"id":2630,"url":"https:\/\/cuzdandeposu.com\/index.php\/product\/majesty-north-3023-telefon-girisli-bordo-deri-cuzdan-2\/","url_meta":{"origin":3483,"position":4},"title":"Majesty North 3023 Telefon Giri\u015fli K\u0131rm\u0131z\u0131 Deri C\u00fczdan","date":"20 Ocak 2022","format":false,"excerpt":"Ayn\u0131 G\u00fcn Kargo | 2 Y\u0131l Garantili \u00dcr\u00fcn | %100 Hakiki Deri","rel":"","context":"Benzer yaz\u0131","img":{"alt_text":"","src":"https:\/\/i0.wp.com\/cuzdandeposu.com\/wp-content\/uploads\/2022\/01\/Majesty-North-3023-Telefon-Girisli-Kirmizi-Deri-Cuzdan1.jpeg?resize=350%2C200&ssl=1","width":350,"height":200},"classes":[]},{"id":2631,"url":"https:\/\/cuzdandeposu.com\/index.php\/product\/majesty-north-3023-telefon-girisli-lacivert-deri-cuzdan\/","url_meta":{"origin":3483,"position":5},"title":"Majesty North 3023 Telefon Giri\u015fli Lacivert Deri C\u00fczdan","date":"20 Ocak 2022","format":false,"excerpt":"Ayn\u0131 G\u00fcn Kargo | 2 Y\u0131l Garantili \u00dcr\u00fcn | %100 Hakiki Deri","rel":"","context":"Benzer yaz\u0131","img":{"alt_text":"","src":"https:\/\/i0.wp.com\/cuzdandeposu.com\/wp-content\/uploads\/2022\/01\/Majesty-North-3023-Telefon-Girisli-Lacivert-Deri-Cuzdan1.jpeg?resize=350%2C200&ssl=1","width":350,"height":200},"classes":[]}],"_links":{"self":[{"href":"https:\/\/cuzdandeposu.com\/index.php\/wp-json\/wp\/v2\/product\/3483","targetHints":{"allow":["GET"]}}],"collection":[{"href":"https:\/\/cuzdandeposu.com\/index.php\/wp-json\/wp\/v2\/product"}],"about":[{"href":"https:\/\/cuzdandeposu.com\/index.php\/wp-json\/wp\/v2\/types\/product"}],"replies":[{"embeddable":true,"href":"https:\/\/cuzdandeposu.com\/index.php\/wp-json\/wp\/v2\/comments?post=3483"}],"wp:featuredmedia":[{"embeddable":true,"href":"https:\/\/cuzdandeposu.com\/index.php\/wp-json\/wp\/v2\/media\/3574"}],"wp:attachment":[{"href":"https:\/\/cuzdandeposu.com\/index.php\/wp-json\/wp\/v2\/media?parent=3483"}],"wp:term":[{"taxonomy":"product_brand","embeddable":true,"href":"https:\/\/cuzdandeposu.com\/index.php\/wp-json\/wp\/v2\/product_brand?post=3483"},{"taxonomy":"product_cat","embeddable":true,"href":"https:\/\/cuzdandeposu.com\/index.php\/wp-json\/wp\/v2\/product_cat?post=3483"},{"taxonomy":"product_tag","embeddable":true,"href":"https:\/\/cuzdandeposu.com\/index.php\/wp-json\/wp\/v2\/product_tag?post=3483"}],"curies":[{"name":"wp","href":"https:\/\/api.w.org\/{rel}","templated":true}]}}