{"id":3348,"date":"2024-07-27T16:56:25","date_gmt":"2024-07-27T13:56:25","guid":{"rendered":"https:\/\/cuzdandeposu.com\/?post_type=product&#038;p=3348"},"modified":"2024-07-27T18:06:07","modified_gmt":"2024-07-27T15:06:07","slug":"majesty-north-2255-taba-yavrulu-deri-canta","status":"publish","type":"product","link":"https:\/\/cuzdandeposu.com\/index.php\/product\/majesty-north-2255-taba-yavrulu-deri-canta\/","title":{"rendered":"Majesty North 2255 Taba Yavrulu Deri \u00c7anta"},"content":{"rendered":"<p><strong>\u00dcr\u00fcn Bilgileri:<\/strong><\/p>\n<p><strong>Birinci s\u0131n\u0131f deri ve titiz el i\u015f\u00e7ili\u011fi<\/strong>\u00a0\u00a0ile \u00fcretilmi\u015f\u00a0<strong>MAJESTY NORTH\u00a0<\/strong>markad\u0131r.<\/p>\n<p>Di\u011fer renk ve modellerimiz i\u00e7in ma\u011fazam\u0131z\u0131 ziyaret edebilirsiniz.<\/p>\n<p><strong>MAJESTY NORTH\u00a0<\/strong>\u00c7anta modellerimiz\u00a0<strong>T\u00fcrkiyede<\/strong>\u00a0<strong>TSE standartlar\u0131nda<\/strong>\u00a0\u00fcretilmi\u015f olup\u00a0<strong>%100 Suni\u00a0Deriden<\/strong>\u00a0olu\u015fmaktad\u0131r.<\/p>\n<p>&nbsp;<\/p>\n<p><strong>\u00dcr\u00fcn \u00d6l\u00e7\u00fcleri:<\/strong><\/p>\n<div>\n<p><strong>Geni\u015flik;\u00a0<\/strong>34 cm<\/p>\n<p><strong>Y\u00fckseklik;\u00a0<\/strong>26 cm<\/p>\n<\/div>\n","protected":false},"excerpt":{"rendered":"<p>Ayn\u0131 G\u00fcn Kargo<\/p>\n","protected":false},"featured_media":3437,"comment_status":"open","ping_status":"closed","template":"","meta":{"spay_email":"","jetpack_publicize_message":"","jetpack_is_tweetstorm":false,"jetpack_publicize_feature_enabled":true},"product_brand":[],"product_cat":[295],"product_tag":[17,18,19,20,21,22,24,25,26,27,299,301,28,29,30,31,32,308,34,35,36,274,37],"class_list":{"0":"post-3348","1":"product","2":"type-product","3":"status-publish","4":"has-post-thumbnail","6":"product_cat-kadin-canta","7":"product_tag-akilli-cuzdan","8":"product_tag-babalar-gunu-hediyesi","9":"product_tag-cuzdan","10":"product_tag-deri-kartlik","11":"product_tag-deri-kredi-kartlik","12":"product_tag-dogum-gunu-hediyesi","13":"product_tag-erkek-cuzdan","14":"product_tag-erkek-kartlik","15":"product_tag-fermuarli-cuzdan","16":"product_tag-hediye","17":"product_tag-kadin-canta","18":"product_tag-kadin-canta-modelleri","19":"product_tag-kaliteli-cuzdan","20":"product_tag-kaliteli-kartlik","21":"product_tag-kartlik","22":"product_tag-leather","23":"product_tag-majesty-north","24":"product_tag-majesty-north-2255","25":"product_tag-mekanizmali-cuzdan","26":"product_tag-men-wallet","27":"product_tag-sevgiliye-hediye","28":"product_tag-spor-canta","29":"product_tag-wallet","31":"first","32":"instock","33":"sale","34":"shipping-taxable","35":"purchasable","36":"product-type-simple"},"jetpack-related-posts":[{"id":3332,"url":"https:\/\/cuzdandeposu.com\/index.php\/product\/majesty-north-1999-taba-on-dikisli-yavrulu-deri-canta\/","url_meta":{"origin":3348,"position":0},"title":"Majesty North 1999 Taba \u00d6n Diki\u015fli Yavrulu Deri \u00c7anta","date":"27 Temmuz 2024","format":false,"excerpt":"Ayn\u0131 G\u00fcn Kargo","rel":"","context":"Benzer yaz\u0131","img":{"alt_text":"","src":"https:\/\/i0.wp.com\/cuzdandeposu.com\/wp-content\/uploads\/2024\/07\/Majesty_North_1999_Taba_On_Dikisli_Yavrulu_Deri_Canta1.jpeg?resize=350%2C200&ssl=1","width":350,"height":200},"classes":[]},{"id":3333,"url":"https:\/\/cuzdandeposu.com\/index.php\/product\/majesty-north-2255-siyah-yavrulu-deri-canta\/","url_meta":{"origin":3348,"position":1},"title":"Majesty North 2255 Siyah Yavrulu Deri \u00c7anta","date":"27 Temmuz 2024","format":false,"excerpt":"Ayn\u0131 G\u00fcn Kargo","rel":"","context":"Benzer yaz\u0131","img":{"alt_text":"","src":"https:\/\/i0.wp.com\/cuzdandeposu.com\/wp-content\/uploads\/2024\/07\/Majesty_North_2255_Siyah_Yavrulu_Deri_Canta1.jpeg?resize=350%2C200&ssl=1","width":350,"height":200},"classes":[]},{"id":3334,"url":"https:\/\/cuzdandeposu.com\/index.php\/product\/majesty-north-2255-turuncu-yavrulu-deri-canta\/","url_meta":{"origin":3348,"position":2},"title":"Majesty North 2255 Turuncu Yavrulu Deri \u00c7anta","date":"27 Temmuz 2024","format":false,"excerpt":"Ayn\u0131 G\u00fcn Kargo","rel":"","context":"Benzer yaz\u0131","img":{"alt_text":"","src":"https:\/\/i0.wp.com\/cuzdandeposu.com\/wp-content\/uploads\/2024\/07\/Majesty_North_2255_Turuncu_Yavrulu_Deri_Canta1.jpeg?resize=350%2C200&ssl=1","width":350,"height":200},"classes":[]},{"id":3232,"url":"https:\/\/cuzdandeposu.com\/index.php\/product\/majesty-north-2249-zara-model-capraz-askili-kadin-siyah-canta\/","url_meta":{"origin":3348,"position":3},"title":"Majesty North 2249 Zara Model \u00c7apraz Ask\u0131l\u0131 Kad\u0131n Siyah \u00c7anta","date":"27 Temmuz 2024","format":false,"excerpt":"Ayn\u0131 G\u00fcn Kargo","rel":"","context":"Benzer yaz\u0131","img":{"alt_text":"","src":"https:\/\/i0.wp.com\/cuzdandeposu.com\/wp-content\/uploads\/2024\/07\/Majesty_North_2249_Zara_Model_Capraz_Askili_Kadin_Siyah_Canta1.jpeg?resize=350%2C200&ssl=1","width":350,"height":200},"classes":[]},{"id":3247,"url":"https:\/\/cuzdandeposu.com\/index.php\/product\/majesty-north-2249-zara-model-capraz-askili-kadin-pembe-canta\/","url_meta":{"origin":3348,"position":4},"title":"Majesty North 2249 Zara Model \u00c7apraz Ask\u0131l\u0131 Kad\u0131n Pembe \u00c7anta","date":"27 Temmuz 2024","format":false,"excerpt":"Ayn\u0131 G\u00fcn Kargo","rel":"","context":"Benzer yaz\u0131","img":{"alt_text":"","src":"https:\/\/i0.wp.com\/cuzdandeposu.com\/wp-content\/uploads\/2024\/07\/Majesty_North_2249_Zara_Model_Capraz_Askili_Kadin_Pembe_Canta1.jpeg?resize=350%2C200&ssl=1","width":350,"height":200},"classes":[]},{"id":3248,"url":"https:\/\/cuzdandeposu.com\/index.php\/product\/majesty-north-2249-zara-model-capraz-askili-kadin-taba-canta\/","url_meta":{"origin":3348,"position":5},"title":"Majesty North 2249 Zara Model \u00c7apraz Ask\u0131l\u0131 Kad\u0131n Taba \u00c7anta","date":"27 Temmuz 2024","format":false,"excerpt":"Ayn\u0131 G\u00fcn Kargo","rel":"","context":"Benzer yaz\u0131","img":{"alt_text":"","src":"https:\/\/i0.wp.com\/cuzdandeposu.com\/wp-content\/uploads\/2024\/07\/Majesty_North_2249_Zara_Model_Capraz_Askili_Kadin_Taba_Canta1.jpeg?resize=350%2C200&ssl=1","width":350,"height":200},"classes":[]}],"_links":{"self":[{"href":"https:\/\/cuzdandeposu.com\/index.php\/wp-json\/wp\/v2\/product\/3348","targetHints":{"allow":["GET"]}}],"collection":[{"href":"https:\/\/cuzdandeposu.com\/index.php\/wp-json\/wp\/v2\/product"}],"about":[{"href":"https:\/\/cuzdandeposu.com\/index.php\/wp-json\/wp\/v2\/types\/product"}],"replies":[{"embeddable":true,"href":"https:\/\/cuzdandeposu.com\/index.php\/wp-json\/wp\/v2\/comments?post=3348"}],"wp:featuredmedia":[{"embeddable":true,"href":"https:\/\/cuzdandeposu.com\/index.php\/wp-json\/wp\/v2\/media\/3437"}],"wp:attachment":[{"href":"https:\/\/cuzdandeposu.com\/index.php\/wp-json\/wp\/v2\/media?parent=3348"}],"wp:term":[{"taxonomy":"product_brand","embeddable":true,"href":"https:\/\/cuzdandeposu.com\/index.php\/wp-json\/wp\/v2\/product_brand?post=3348"},{"taxonomy":"product_cat","embeddable":true,"href":"https:\/\/cuzdandeposu.com\/index.php\/wp-json\/wp\/v2\/product_cat?post=3348"},{"taxonomy":"product_tag","embeddable":true,"href":"https:\/\/cuzdandeposu.com\/index.php\/wp-json\/wp\/v2\/product_tag?post=3348"}],"curies":[{"name":"wp","href":"https:\/\/api.w.org\/{rel}","templated":true}]}}