{"id":3034,"date":"2022-09-08T18:18:45","date_gmt":"2022-09-08T15:18:45","guid":{"rendered":"https:\/\/cuzdandeposu.com\/?post_type=product&#038;p=3034"},"modified":"2024-09-14T17:59:09","modified_gmt":"2024-09-14T14:59:09","slug":"majesty-north-3018-miknatisli-telefon-girisli-crazy-gri-deri-cuzdan","status":"publish","type":"product","link":"https:\/\/cuzdandeposu.com\/index.php\/product\/majesty-north-3018-miknatisli-telefon-girisli-crazy-gri-deri-cuzdan\/","title":{"rendered":"Majesty North 3018 M\u0131knat\u0131sl\u0131 Telefon Giri\u015fli Crazy Gri Deri C\u00fczdan"},"content":{"rendered":"<p><strong>\u00dcr\u00fcn Bilgileri:<\/strong><\/p>\n<p><strong>Birinci s\u0131n\u0131f deri ve titiz el i\u015f\u00e7ili\u011fi<\/strong>\u00a0ile \u00fcretilmi\u015f<strong>\u00a0MAJESTY NORTH\u00a0<\/strong>markad\u0131r.<\/p>\n<p>Di\u011fer renk ve modellerimiz i\u00e7in ma\u011fazam\u0131z\u0131 ziyaret edebilirsiniz.<\/p>\n<p><strong>MAJESTY NORTH\u00a0<\/strong>C\u00fczdan modellerimiz\u00a0<strong>T\u00fcrkiye de<\/strong><strong>\u00a0TSE standartlar\u0131nda<\/strong>\u00a0\u00fcretilmi\u015f olup\u00a0<strong>%100 Orijinal Deriden<\/strong>\u00a0olu\u015fmaktad\u0131r.<\/p>\n<p><strong>\u00dcr\u00fcn \u00d6l\u00e7\u00fcleri:<\/strong><\/p>\n<div>Geni\u015flik; 9 cm<\/div>\n<div><\/div>\n<div>Y\u00fckseklik; 18 cm<\/div>\n<p><strong>\u00dcr\u00fcn Detaylar\u0131:<\/strong><\/p>\n<p><img decoding=\"async\" class=\"emoji\" role=\"img\" draggable=\"false\" src=\"https:\/\/s.w.org\/images\/core\/emoji\/12.0.0-1\/svg\/2705.svg\" alt=\"\u2705\" \/>\u00a05.5 \u0130n\u00e7 Marka Model Telefonlarla Uyumlu<\/p>\n<p><img decoding=\"async\" class=\"emoji\" role=\"img\" draggable=\"false\" src=\"https:\/\/s.w.org\/images\/core\/emoji\/12.0.0-1\/svg\/2705.svg\" alt=\"\u2705\" \/>\u00a09 Adet Kredi Kart\u0131 B\u00f6l\u00fcm\u00fc<\/p>\n<p><img decoding=\"async\" class=\"emoji\" role=\"img\" draggable=\"false\" src=\"https:\/\/s.w.org\/images\/core\/emoji\/12.0.0-1\/svg\/2705.svg\" alt=\"\u2705\" \/>\u00a04 Adet Ayr\u0131 Ka\u011f\u0131t Para B\u00f6lmesi<\/p>\n<p><img decoding=\"async\" class=\"emoji\" role=\"img\" draggable=\"false\" src=\"https:\/\/s.w.org\/images\/core\/emoji\/12.0.0-1\/svg\/2705.svg\" alt=\"\u2705\" \/>\u00a01 Adet \u015eeffaf B\u00f6lme ( Ehliyet\/Kimlik)<\/p>\n<p><img decoding=\"async\" class=\"emoji\" role=\"img\" draggable=\"false\" src=\"https:\/\/s.w.org\/images\/core\/emoji\/12.0.0-1\/svg\/2705.svg\" alt=\"\u2705\" \/>\u00a0%100 Hakiki Ger\u00e7ek Deri<\/p>\n<p>\u00dcr\u00fcnlerimizde\u00a0<strong>\u00a0%100 Yerli S\u0131\u011f\u0131r Derisi<\/strong>, yerli \u00fcretim astar ve 1. kalite aksesuarlar (k\u0131r\u0131lmaz \u00e7ekme \u00e7elik) kullan\u0131lmaktad\u0131r.<\/p>\n<p><strong>Sipari\u015f ve Teslimat:<\/strong><\/p>\n<ul>\n<li>\u00dcr\u00fcnler TSE ve ISO 9002 belgelidir.<\/li>\n<li>Faturan\u0131z garanti belgesi olarak kullan\u0131l\u0131r.<\/li>\n<li>\u00dcr\u00fcnlerimiz 2 y\u0131l\u00a0<strong>MAJESTY NORTH<\/strong>\u00a0firma garantilidir.<\/li>\n<li>T\u00fcm kredi kartlar\u0131na 12 aya varan taksit imkan\u0131.<\/li>\n<li>G\u00f6nderilen t\u00fcm \u00fcr\u00fcnler \u00f6zel koruma k\u0131l\u0131f\u0131nda ve kutusunda teslim edilir.<\/li>\n<li>Alt tutar belirtmeksizin t\u00fcm \u00fcr\u00fcnlerde \u00fccretsiz kargo.<\/li>\n<\/ul>\n","protected":false},"excerpt":{"rendered":"<div class=\"product-short-description\">\n<div class=\"pro-title\">\n<p id=\"ellipsisBalloon\" class=\"txtEllipsis\">Ayn\u0131 G\u00fcn Kargo | 2 Y\u0131l Garantili \u00dcr\u00fcn | %100 Hakiki Deri<\/p>\n<\/div>\n<div class=\"rating\"><\/div>\n<\/div>\n<form class=\"cart\" action=\"https:\/\/cuzdansepetim.com\/urun\/majesty-north-3018-miknatisli-telefon-girisli-crazy-taba-deri-cuzdan\/\" enctype=\"multipart\/form-data\" method=\"post\">\n<div class=\"quantity buttons_added\"><\/div>\n<\/form>\n","protected":false},"featured_media":3128,"comment_status":"open","ping_status":"closed","template":"","meta":{"spay_email":"","jetpack_publicize_message":"","jetpack_is_tweetstorm":false,"jetpack_publicize_feature_enabled":true},"product_brand":[],"product_cat":[269,42],"product_tag":[17,18,19,20,21,22,24,25,26,27,28,29,30,31,32,290,34,35,36,274,37],"class_list":{"0":"post-3034","1":"product","2":"type-product","3":"status-publish","4":"has-post-thumbnail","6":"product_cat-erkek-cuzdan-cuzdan","7":"product_cat-kadin-cuzdan-cuzdan","8":"product_tag-akilli-cuzdan","9":"product_tag-babalar-gunu-hediyesi","10":"product_tag-cuzdan","11":"product_tag-deri-kartlik","12":"product_tag-deri-kredi-kartlik","13":"product_tag-dogum-gunu-hediyesi","14":"product_tag-erkek-cuzdan","15":"product_tag-erkek-kartlik","16":"product_tag-fermuarli-cuzdan","17":"product_tag-hediye","18":"product_tag-kaliteli-cuzdan","19":"product_tag-kaliteli-kartlik","20":"product_tag-kartlik","21":"product_tag-leather","22":"product_tag-majesty-north","23":"product_tag-majesty-north-3018","24":"product_tag-mekanizmali-cuzdan","25":"product_tag-men-wallet","26":"product_tag-sevgiliye-hediye","27":"product_tag-spor-canta","28":"product_tag-wallet","30":"first","31":"instock","32":"sale","33":"shipping-taxable","34":"purchasable","35":"product-type-simple"},"jetpack-related-posts":[{"id":3032,"url":"https:\/\/cuzdandeposu.com\/index.php\/product\/majesty-north-3018-miknatisli-telefon-girisli-crazy-taba-deri-cuzdan\/","url_meta":{"origin":3034,"position":0},"title":"Majesty North 3018 M\u0131knat\u0131sl\u0131 Telefon Giri\u015fli Crazy Taba Deri C\u00fczdan","date":"8 Eyl\u00fcl 2022","format":false,"excerpt":"Ayn\u0131 G\u00fcn Kargo | 2 Y\u0131l Garantili \u00dcr\u00fcn | %100 Hakiki Deri","rel":"","context":"Benzer yaz\u0131","img":{"alt_text":"","src":"https:\/\/i0.wp.com\/cuzdandeposu.com\/wp-content\/uploads\/2022\/09\/Majesty-North-3018-Miknatisli-Telefon-Girisli-Crazy-Taba-Deri-Cuzdan1.jpg?resize=350%2C200&ssl=1","width":350,"height":200},"classes":[]},{"id":3033,"url":"https:\/\/cuzdandeposu.com\/index.php\/product\/majesty-north-3018-miknatisli-telefon-girisli-crazy-mavi-deri-cuzdan\/","url_meta":{"origin":3034,"position":1},"title":"Majesty North 3018 M\u0131knat\u0131sl\u0131 Telefon Giri\u015fli Crazy Mavi Deri C\u00fczdan","date":"8 Eyl\u00fcl 2022","format":false,"excerpt":"Ayn\u0131 G\u00fcn Kargo | 2 Y\u0131l Garantili \u00dcr\u00fcn | %100 Hakiki Deri","rel":"","context":"Benzer yaz\u0131","img":{"alt_text":"","src":"https:\/\/i0.wp.com\/cuzdandeposu.com\/wp-content\/uploads\/2022\/09\/Majesty-North-3018-Miknatisli-Telefon-Girisli-Crazy-Mavi-Deri-Cuzdan1.jpg?resize=350%2C200&ssl=1","width":350,"height":200},"classes":[]},{"id":3035,"url":"https:\/\/cuzdandeposu.com\/index.php\/product\/majesty-north-3018-miknatisli-telefon-girisli-siyah-deri-cuzdan\/","url_meta":{"origin":3034,"position":2},"title":"Majesty North 3018 M\u0131knat\u0131sl\u0131 Telefon Giri\u015fli Siyah Deri C\u00fczdan","date":"8 Eyl\u00fcl 2022","format":false,"excerpt":"Ayn\u0131 G\u00fcn Kargo | 2 Y\u0131l Garantili \u00dcr\u00fcn | %100 Hakiki Deri","rel":"","context":"Benzer yaz\u0131","img":{"alt_text":"","src":"https:\/\/i0.wp.com\/cuzdandeposu.com\/wp-content\/uploads\/2022\/09\/Majesty-North-3018-Miknatisli-Telefon-Girisli-Siyah-Deri-Cuzdan1.jpg?resize=350%2C200&ssl=1","width":350,"height":200},"classes":[]},{"id":2598,"url":"https:\/\/cuzdandeposu.com\/index.php\/product\/majesty-north-3015-telefon-girisli-lacivert-deri-cuzdan\/","url_meta":{"origin":3034,"position":3},"title":"Majesty North 3015 Telefon Giri\u015fli Lacivert Deri C\u00fczdan","date":"20 Ocak 2022","format":false,"excerpt":"Ayn\u0131 G\u00fcn Kargo | 2 Y\u0131l Garantili \u00dcr\u00fcn | %100 Hakiki Deri","rel":"","context":"Benzer yaz\u0131","img":{"alt_text":"","src":"https:\/\/i0.wp.com\/cuzdandeposu.com\/wp-content\/uploads\/2022\/01\/Majesty-North-3015-Telefon-Girisli-Lacivert-Deri-Cuzdan1.jpeg?resize=350%2C200&ssl=1","width":350,"height":200},"classes":[]},{"id":2611,"url":"https:\/\/cuzdandeposu.com\/index.php\/product\/majesty-north-3015-telefon-girisli-taba-deri-cuzdan\/","url_meta":{"origin":3034,"position":4},"title":"Majesty North 3015 Telefon Giri\u015fli Taba Deri C\u00fczdan","date":"20 Ocak 2022","format":false,"excerpt":"Ayn\u0131 G\u00fcn Kargo | 2 Y\u0131l Garantili \u00dcr\u00fcn | %100 Hakiki Deri","rel":"","context":"Benzer yaz\u0131","img":{"alt_text":"","src":"https:\/\/i0.wp.com\/cuzdandeposu.com\/wp-content\/uploads\/2022\/01\/Majesty-North-3015-Telefon-Girisli-Taba-Deri-Cuzdan1.jpeg?resize=350%2C200&ssl=1","width":350,"height":200},"classes":[]},{"id":2612,"url":"https:\/\/cuzdandeposu.com\/index.php\/product\/majesty-north-3015-telefon-girisli-siyah-deri-cuzdan\/","url_meta":{"origin":3034,"position":5},"title":"Majesty North 3015 Telefon Giri\u015fli Siyah Deri C\u00fczdan","date":"20 Ocak 2022","format":false,"excerpt":"Ayn\u0131 G\u00fcn Kargo | 2 Y\u0131l Garantili \u00dcr\u00fcn | %100 Hakiki Deri","rel":"","context":"Benzer yaz\u0131","img":{"alt_text":"","src":"https:\/\/i0.wp.com\/cuzdandeposu.com\/wp-content\/uploads\/2022\/01\/Majesty-North-3015-Telefon-Girisli-Siyah-Deri-Cuzdan1.jpeg?resize=350%2C200&ssl=1","width":350,"height":200},"classes":[]}],"_links":{"self":[{"href":"https:\/\/cuzdandeposu.com\/index.php\/wp-json\/wp\/v2\/product\/3034","targetHints":{"allow":["GET"]}}],"collection":[{"href":"https:\/\/cuzdandeposu.com\/index.php\/wp-json\/wp\/v2\/product"}],"about":[{"href":"https:\/\/cuzdandeposu.com\/index.php\/wp-json\/wp\/v2\/types\/product"}],"replies":[{"embeddable":true,"href":"https:\/\/cuzdandeposu.com\/index.php\/wp-json\/wp\/v2\/comments?post=3034"}],"wp:featuredmedia":[{"embeddable":true,"href":"https:\/\/cuzdandeposu.com\/index.php\/wp-json\/wp\/v2\/media\/3128"}],"wp:attachment":[{"href":"https:\/\/cuzdandeposu.com\/index.php\/wp-json\/wp\/v2\/media?parent=3034"}],"wp:term":[{"taxonomy":"product_brand","embeddable":true,"href":"https:\/\/cuzdandeposu.com\/index.php\/wp-json\/wp\/v2\/product_brand?post=3034"},{"taxonomy":"product_cat","embeddable":true,"href":"https:\/\/cuzdandeposu.com\/index.php\/wp-json\/wp\/v2\/product_cat?post=3034"},{"taxonomy":"product_tag","embeddable":true,"href":"https:\/\/cuzdandeposu.com\/index.php\/wp-json\/wp\/v2\/product_tag?post=3034"}],"curies":[{"name":"wp","href":"https:\/\/api.w.org\/{rel}","templated":true}]}}