{"id":2913,"date":"2022-09-08T18:14:57","date_gmt":"2022-09-08T15:14:57","guid":{"rendered":"https:\/\/cuzdandeposu.com\/?post_type=product&#038;p=2913"},"modified":"2024-09-08T18:15:03","modified_gmt":"2024-09-08T15:15:03","slug":"majesty-north-530-hakiki-deri-kartlik-taba","status":"publish","type":"product","link":"https:\/\/cuzdandeposu.com\/index.php\/product\/majesty-north-530-hakiki-deri-kartlik-taba\/","title":{"rendered":"Majesty North 530 Hakiki Deri Kartl\u0131k Taba"},"content":{"rendered":"<p><strong>\u00dcr\u00fcn Bilgileri:<\/strong><\/p>\n<p><strong>Birinci s\u0131n\u0131f deri ve titiz el i\u015f\u00e7ili\u011fi<\/strong>\u00a0\u00a0ile \u00fcretilmi\u015f\u00a0<strong>MAJESTY NORTH\u00a0<\/strong>markad\u0131r.<\/p>\n<p>Di\u011fer renk ve modellerimiz i\u00e7in ma\u011fazam\u0131z\u0131 ziyaret edebilirsiniz.<\/p>\n<p><strong>MAJESTY NORTH\u00a0<\/strong>C\u00fczdan modellerimiz\u00a0<strong>T\u00fcrkiyede<\/strong>\u00a0<strong>TSE standartlar\u0131nda<\/strong>\u00a0\u00fcretilmi\u015f olup\u00a0<strong>%100 Orijinal Deriden<\/strong>\u00a0olu\u015fmaktad\u0131r.<\/p>\n<p><strong>\u00dcr\u00fcn \u00d6l\u00e7\u00fcleri:<\/strong><\/p>\n<p>Geni\u015flik; 7 cm<\/p>\n<p>Y\u00fckseklik; 9 cm<\/p>\n<p><strong>\u00dcr\u00fcn Detaylar\u0131:<\/strong><\/p>\n<p>\u2705\u00a0 6 Adet Kredi Kart\u0131 B\u00f6lmesi,<\/p>\n<p>\u2705\u00a0 1 Adet Ka\u011f\u0131t Para B\u00f6lmesi,<\/p>\n<p>\u2705\u00a0\u00a0\u00a0%100 Hakiki Ger\u00e7ek Deri<\/p>\n<p>\u00dcr\u00fcnlerimizde\u00a0<strong>\u00a0%100 Yerli S\u0131\u011f\u0131r Derisi<\/strong>, yerli \u00fcretim astar ve 1. kalite aksesuarlar (k\u0131r\u0131lmaz \u00e7ekme \u00e7elik) kullan\u0131lmaktad\u0131r.<\/p>\n<p><strong>Sipari\u015f ve Teslimat:<\/strong><\/p>\n<ul>\n<li>\u00dcr\u00fcnlerimiz 2 y\u0131l\u00a0<strong>MAJESTY NORTH\u00a0<\/strong>firma garantilidir.<\/li>\n<li>G\u00f6nderilen t\u00fcm \u00fcr\u00fcnler \u00f6zel koruma k\u0131l\u0131f\u0131nda ve kutusunda teslim edilir.<\/li>\n<li>Faturan\u0131z garanti belgesi olarak kullan\u0131l\u0131r.<\/li>\n<li>Alt tutar belirtmeksizin t\u00fcm \u00fcr\u00fcnlerde \u00fccretsiz kargo.<\/li>\n<li>T\u00fcm kredi kartlar\u0131na 12 aya varan taksit imkan\u0131.<\/li>\n<li>\u00dcr\u00fcnler TSE ve ISO 9002 belgelidir.<\/li>\n<\/ul>\n","protected":false},"excerpt":{"rendered":"<div class=\"pro-title\">\n<p id=\"ellipsisBalloon\" class=\"txtEllipsis\">Ayn\u0131 G\u00fcn Kargo | 2 Y\u0131l Garantili \u00dcr\u00fcn | %100 Hakiki Deri<\/p>\n<\/div>\n<div class=\"rating\"><\/div>\n","protected":false},"featured_media":3000,"comment_status":"open","ping_status":"closed","template":"","meta":{"spay_email":"","jetpack_publicize_message":"","jetpack_is_tweetstorm":false,"jetpack_publicize_feature_enabled":true},"product_brand":[],"product_cat":[45],"product_tag":[17,18,19,20,21,22,24,25,26,27,28,29,30,31,32,277,34,35,36,274,37],"class_list":{"0":"post-2913","1":"product","2":"type-product","3":"status-publish","4":"has-post-thumbnail","6":"product_cat-kartlik","7":"product_tag-akilli-cuzdan","8":"product_tag-babalar-gunu-hediyesi","9":"product_tag-cuzdan","10":"product_tag-deri-kartlik","11":"product_tag-deri-kredi-kartlik","12":"product_tag-dogum-gunu-hediyesi","13":"product_tag-erkek-cuzdan","14":"product_tag-erkek-kartlik","15":"product_tag-fermuarli-cuzdan","16":"product_tag-hediye","17":"product_tag-kaliteli-cuzdan","18":"product_tag-kaliteli-kartlik","19":"product_tag-kartlik","20":"product_tag-leather","21":"product_tag-majesty-north","22":"product_tag-majesty-north-530","23":"product_tag-mekanizmali-cuzdan","24":"product_tag-men-wallet","25":"product_tag-sevgiliye-hediye","26":"product_tag-spor-canta","27":"product_tag-wallet","29":"first","30":"instock","31":"sale","32":"shipping-taxable","33":"purchasable","34":"product-type-simple"},"jetpack-related-posts":[{"id":2671,"url":"https:\/\/cuzdandeposu.com\/index.php\/product\/majesty-north-4043-bordo-deri-telefonlu-cuzdan\/","url_meta":{"origin":2913,"position":0},"title":"Majesty North 4043 Bordo Deri Telefonlu C\u00fczdan","date":"20 Ocak 2022","format":false,"excerpt":"Ayn\u0131 G\u00fcn Kargo | 2 Y\u0131l Garantili \u00dcr\u00fcn | %100 Hakiki Deri","rel":"","context":"Benzer yaz\u0131","img":{"alt_text":"","src":"https:\/\/i0.wp.com\/cuzdandeposu.com\/wp-content\/uploads\/2022\/01\/Majesty-North-4043-Bordo-Deri-Telefonlu-Cuzdan1.jpeg?resize=350%2C200&ssl=1","width":350,"height":200},"classes":[]},{"id":2672,"url":"https:\/\/cuzdandeposu.com\/index.php\/product\/majesty-north-4043-siyah-deri-telefonlu-cuzdan\/","url_meta":{"origin":2913,"position":1},"title":"Majesty North 4043 Siyah Deri Telefonlu C\u00fczdan","date":"20 Ocak 2022","format":false,"excerpt":"Ayn\u0131 G\u00fcn Kargo | 2 Y\u0131l Garantili \u00dcr\u00fcn | %100 Hakiki Deri","rel":"","context":"Benzer yaz\u0131","img":{"alt_text":"","src":"https:\/\/i0.wp.com\/cuzdandeposu.com\/wp-content\/uploads\/2022\/01\/Majesty-North-4043-Siyah-Deri-Telefonlu-Cuzdan1.jpeg?resize=350%2C200&ssl=1","width":350,"height":200},"classes":[]},{"id":2673,"url":"https:\/\/cuzdandeposu.com\/index.php\/product\/majesty-north-4043-taba-deri-telefonlu-cuzdan\/","url_meta":{"origin":2913,"position":2},"title":"Majesty North 4043 Taba Deri Telefonlu C\u00fczdan","date":"20 Ocak 2022","format":false,"excerpt":"Ayn\u0131 G\u00fcn Kargo | 2 Y\u0131l Garantili \u00dcr\u00fcn | %100 Hakiki Deri","rel":"","context":"Benzer yaz\u0131","img":{"alt_text":"","src":"https:\/\/i0.wp.com\/cuzdandeposu.com\/wp-content\/uploads\/2022\/01\/Majesty-North-4043-Taba-Deri-Telefonlu-Cuzdan1.jpeg?resize=350%2C200&ssl=1","width":350,"height":200},"classes":[]},{"id":2674,"url":"https:\/\/cuzdandeposu.com\/index.php\/product\/majesty-north-4043-lacivert-deri-telefonlu-cuzdan\/","url_meta":{"origin":2913,"position":3},"title":"Majesty North 4043 Lacivert Deri Telefonlu C\u00fczdan","date":"20 Ocak 2022","format":false,"excerpt":"Ayn\u0131 G\u00fcn Kargo | 2 Y\u0131l Garantili \u00dcr\u00fcn | %100 Hakiki Deri","rel":"","context":"Benzer yaz\u0131","img":{"alt_text":"","src":"https:\/\/i0.wp.com\/cuzdandeposu.com\/wp-content\/uploads\/2022\/01\/Majesty-North-4043-Laicvert-Deri-Telefonlu-Cuzdan1.jpeg?resize=350%2C200&ssl=1","width":350,"height":200},"classes":[]},{"id":2915,"url":"https:\/\/cuzdandeposu.com\/index.php\/product\/majesty-north-601-mini-hakiki-deri-kartlik-siyah\/","url_meta":{"origin":2913,"position":4},"title":"Majesty North 601 Mini Hakiki Deri Kartl\u0131k Siyah","date":"8 Eyl\u00fcl 2022","format":false,"excerpt":"Ayn\u0131 G\u00fcn Kargo | 2 Y\u0131l Garantili \u00dcr\u00fcn | %100 Hakiki Deri","rel":"","context":"Benzer yaz\u0131","img":{"alt_text":"","src":"https:\/\/i0.wp.com\/cuzdandeposu.com\/wp-content\/uploads\/2022\/09\/Majesty-North-601-Mini-Hakiki-Deri-Kartlik-Siyah1.jpg?resize=350%2C200&ssl=1","width":350,"height":200},"classes":[]},{"id":2916,"url":"https:\/\/cuzdandeposu.com\/index.php\/product\/majesty-north-601-mini-hakiki-deri-kartlik-crazy-bordo\/","url_meta":{"origin":2913,"position":5},"title":"Majesty North 601 Mini Hakiki Deri Kartl\u0131k Crazy Bordo","date":"8 Eyl\u00fcl 2022","format":false,"excerpt":"Ayn\u0131 G\u00fcn Kargo | 2 Y\u0131l Garantili \u00dcr\u00fcn | %100 Hakiki Deri","rel":"","context":"Benzer yaz\u0131","img":{"alt_text":"","src":"https:\/\/i0.wp.com\/cuzdandeposu.com\/wp-content\/uploads\/2022\/09\/Majesty-North-601-Mini-Hakiki-Deri-Kartlik-Crazy-Bordo1.jpg?resize=350%2C200&ssl=1","width":350,"height":200},"classes":[]}],"_links":{"self":[{"href":"https:\/\/cuzdandeposu.com\/index.php\/wp-json\/wp\/v2\/product\/2913","targetHints":{"allow":["GET"]}}],"collection":[{"href":"https:\/\/cuzdandeposu.com\/index.php\/wp-json\/wp\/v2\/product"}],"about":[{"href":"https:\/\/cuzdandeposu.com\/index.php\/wp-json\/wp\/v2\/types\/product"}],"replies":[{"embeddable":true,"href":"https:\/\/cuzdandeposu.com\/index.php\/wp-json\/wp\/v2\/comments?post=2913"}],"wp:featuredmedia":[{"embeddable":true,"href":"https:\/\/cuzdandeposu.com\/index.php\/wp-json\/wp\/v2\/media\/3000"}],"wp:attachment":[{"href":"https:\/\/cuzdandeposu.com\/index.php\/wp-json\/wp\/v2\/media?parent=2913"}],"wp:term":[{"taxonomy":"product_brand","embeddable":true,"href":"https:\/\/cuzdandeposu.com\/index.php\/wp-json\/wp\/v2\/product_brand?post=2913"},{"taxonomy":"product_cat","embeddable":true,"href":"https:\/\/cuzdandeposu.com\/index.php\/wp-json\/wp\/v2\/product_cat?post=2913"},{"taxonomy":"product_tag","embeddable":true,"href":"https:\/\/cuzdandeposu.com\/index.php\/wp-json\/wp\/v2\/product_tag?post=2913"}],"curies":[{"name":"wp","href":"https:\/\/api.w.org\/{rel}","templated":true}]}}