{"id":2908,"date":"2022-09-08T18:14:56","date_gmt":"2022-09-08T15:14:56","guid":{"rendered":"https:\/\/cuzdandeposu.com\/?post_type=product&#038;p=2908"},"modified":"2024-02-22T17:29:40","modified_gmt":"2024-02-22T14:29:40","slug":"majesty-north-siyah-erkek-portfoy-el-cantasi-1785","status":"publish","type":"product","link":"https:\/\/cuzdandeposu.com\/index.php\/product\/majesty-north-siyah-erkek-portfoy-el-cantasi-1785\/","title":{"rendered":"Majesty North Siyah Erkek Portf\u00f6y El \u00c7antas\u0131 1785"},"content":{"rendered":"<p><strong>\u00dcr\u00fcn Bilgileri:<\/strong><\/p>\n<p><strong>Birinci s\u0131n\u0131f suni deri ve titiz el i\u015f\u00e7ili\u011fi<\/strong>\u00a0\u00a0ile \u00fcretilmi\u015f\u00a0<strong>MAJESTY NORTH\u00a0<\/strong>markad\u0131r.<\/p>\n<p>Di\u011fer renk ve modellerimiz i\u00e7in ma\u011fazam\u0131z\u0131 ziyaret edebilirsiniz.<\/p>\n<p><strong>MAJESTY NORTH\u00a0<\/strong>Spor \u00c7anta modellerimiz <strong>T\u00fcrkiyede<\/strong>\u00a0<strong>TSE standartlar\u0131nda<\/strong>\u00a0\u00fcretilmi\u015f olup\u00a0<strong>%100 Suni Deriden<\/strong>\u00a0olu\u015fmaktad\u0131r.<\/p>\n<p><strong>\u00dcr\u00fcn \u00d6l\u00e7\u00fcleri:<\/strong><\/p>\n<p>Geni\u015flik; 22 cm<\/p>\n<p>Y\u00fckseklik; 11 cm<\/p>\n<p><strong>\u00dcr\u00fcn Detaylar\u0131:<\/strong><\/p>\n<p><img decoding=\"async\" class=\"emoji\" role=\"img\" draggable=\"false\" src=\"https:\/\/s.w.org\/images\/core\/emoji\/12.0.0-1\/svg\/2705.svg\" alt=\"\u2705\" \/> 1 ana g\u00f6z i\u00e7inde ikisi fermuarl\u0131 olmak \u00fczere 4 ara g\u00f6z\u00fc vard\u0131r. \u00b7<\/p>\n<p><img decoding=\"async\" class=\"emoji\" role=\"img\" draggable=\"false\" src=\"https:\/\/s.w.org\/images\/core\/emoji\/12.0.0-1\/svg\/2705.svg\" alt=\"\u2705\" \/> El bile\u011fine tak\u0131labilen deri ask\u0131s\u0131 bulunur.<\/p>\n<p>\u00dcr\u00fcnlerimizde <strong>%100 Suni Deriden <\/strong>, yerli \u00fcretim astar ve 1. kalite aksesuarlar (k\u0131r\u0131lmaz \u00e7ekme \u00e7elik) kullan\u0131lmaktad\u0131r.<\/p>\n<p><strong>Sipari\u015f ve Teslimat:<\/strong><\/p>\n<ul>\n<li>\u00dcr\u00fcnlerimiz 2 y\u0131l\u00a0<strong>MAJESTY NORTH\u00a0<\/strong>firma garantilidir.<\/li>\n<li>G\u00f6nderilen t\u00fcm \u00fcr\u00fcnler \u00f6zel koruma k\u0131l\u0131f\u0131nda ve kutusunda teslim edilir.<\/li>\n<li>Faturan\u0131z garanti belgesi olarak kullan\u0131l\u0131r.<\/li>\n<li>Alt tutar belirtmeksizin t\u00fcm \u00fcr\u00fcnlerde \u00fccretsiz kargo.<\/li>\n<li>T\u00fcm kredi kartlar\u0131na 12 aya varan taksit imkan\u0131.<\/li>\n<li>\u00dcr\u00fcnler TSE ve ISO 9002 belgelidir.<\/li>\n<\/ul>\n","protected":false},"excerpt":{"rendered":"<div class=\"product-short-description\">\n<div class=\"product-short-description\">\n<div class=\"product-short-description\">\n<div class=\"product-short-description\">\n<div class=\"pro-title\">\n<p id=\"ellipsisBalloon\" class=\"txtEllipsis\">Ayn\u0131 G\u00fcn Kargo | 2 Y\u0131l Garantili \u00dcr\u00fcn | %100 Hakiki Deri<\/p>\n<\/div>\n<\/div>\n<\/div>\n<\/div>\n<\/div>\n","protected":false},"featured_media":2983,"comment_status":"open","ping_status":"closed","template":"","meta":{"spay_email":"","jetpack_publicize_message":"","jetpack_is_tweetstorm":false,"jetpack_publicize_feature_enabled":true},"product_brand":[],"product_cat":[275],"product_tag":[17,18,19,20,21,22,143,24,25,26,27,28,29,30,31,32,276,34,35,36,274,37],"class_list":{"0":"post-2908","1":"product","2":"type-product","3":"status-publish","4":"has-post-thumbnail","6":"product_cat-el-cantasi-canta","7":"product_tag-akilli-cuzdan","8":"product_tag-babalar-gunu-hediyesi","9":"product_tag-cuzdan","10":"product_tag-deri-kartlik","11":"product_tag-deri-kredi-kartlik","12":"product_tag-dogum-gunu-hediyesi","13":"product_tag-el-cantasi","14":"product_tag-erkek-cuzdan","15":"product_tag-erkek-kartlik","16":"product_tag-fermuarli-cuzdan","17":"product_tag-hediye","18":"product_tag-kaliteli-cuzdan","19":"product_tag-kaliteli-kartlik","20":"product_tag-kartlik","21":"product_tag-leather","22":"product_tag-majesty-north","23":"product_tag-majesty-north-1785","24":"product_tag-mekanizmali-cuzdan","25":"product_tag-men-wallet","26":"product_tag-sevgiliye-hediye","27":"product_tag-spor-canta","28":"product_tag-wallet","30":"first","31":"instock","32":"sale","33":"shipping-taxable","34":"purchasable","35":"product-type-simple"},"jetpack-related-posts":[{"id":2982,"url":"https:\/\/cuzdandeposu.com\/index.php\/product\/majesty-north-kahverengi-suni-deri-unisex-evrak-laptop-cantasi\/","url_meta":{"origin":2908,"position":0},"title":"Majesty North Kahverengi Suni Deri Unisex Evrak \/ Laptop \u00c7antas\u0131","date":"8 Eyl\u00fcl 2022","format":false,"excerpt":"Ayn\u0131 G\u00fcn Kargo | 2 Y\u0131l Garantili \u00dcr\u00fcn | %100 Hakiki Deri","rel":"","context":"Benzer yaz\u0131","img":{"alt_text":"","src":"https:\/\/i0.wp.com\/cuzdandeposu.com\/wp-content\/uploads\/2022\/09\/Majesty-North-Kahverengi-Suni-Deri-Unisex-Evrak-Laptop-Cantasi1.jpg?resize=350%2C200&ssl=1","width":350,"height":200},"classes":[]},{"id":2993,"url":"https:\/\/cuzdandeposu.com\/index.php\/product\/majesty-north-siyah-suni-deri-unisex-evrak-laptop-cantasi\/","url_meta":{"origin":2908,"position":1},"title":"Majesty North Siyah Suni Deri Unisex Evrak \/ Laptop \u00c7antas\u0131","date":"8 Eyl\u00fcl 2022","format":false,"excerpt":"Ayn\u0131 G\u00fcn Kargo | 2 Y\u0131l Garantili \u00dcr\u00fcn | %100 Hakiki Deri","rel":"","context":"Benzer yaz\u0131","img":{"alt_text":"","src":"https:\/\/i0.wp.com\/cuzdandeposu.com\/wp-content\/uploads\/2022\/09\/Majesty-North-Siyah-Suni-Deri-Unisex-Evrak-Laptop-Cantasi1.jpg?resize=350%2C200&ssl=1","width":350,"height":200},"classes":[]},{"id":2907,"url":"https:\/\/cuzdandeposu.com\/index.php\/product\/majesty-north-kahve-erkek-portfoy-el-cantasi-1785\/","url_meta":{"origin":2908,"position":2},"title":"Majesty North Kahve Erkek Portf\u00f6y El \u00c7antas\u0131 1785","date":"8 Eyl\u00fcl 2022","format":false,"excerpt":"Ayn\u0131 G\u00fcn Kargo | 2 Y\u0131l Garantili \u00dcr\u00fcn | %100 Hakiki Deri","rel":"","context":"Benzer yaz\u0131","img":{"alt_text":"","src":"https:\/\/i0.wp.com\/cuzdandeposu.com\/wp-content\/uploads\/2022\/09\/Majesty-North-Kahve-Erkek-Portfoy-El-Cantasi-17851.jpg?resize=350%2C200&ssl=1","width":350,"height":200},"classes":[]},{"id":2906,"url":"https:\/\/cuzdandeposu.com\/index.php\/product\/majesty-north-3102-fermuarli-siyah-spor-canta\/","url_meta":{"origin":2908,"position":3},"title":"Majesty North 3102 Fermuarl\u0131 Siyah Spor \u00c7anta","date":"8 Eyl\u00fcl 2022","format":false,"excerpt":"Ayn\u0131 G\u00fcn Kargo | 2 Y\u0131l Garantili \u00dcr\u00fcn | %100 Hakiki Deri","rel":"","context":"Benzer yaz\u0131","img":{"alt_text":"","src":"https:\/\/i0.wp.com\/cuzdandeposu.com\/wp-content\/uploads\/2022\/09\/Majesty-North-3102-Fermuarli-Siyah-Spor-Canta1.jpg?resize=350%2C200&ssl=1","width":350,"height":200},"classes":[]},{"id":3332,"url":"https:\/\/cuzdandeposu.com\/index.php\/product\/majesty-north-1999-taba-on-dikisli-yavrulu-deri-canta\/","url_meta":{"origin":2908,"position":4},"title":"Majesty North 1999 Taba \u00d6n Diki\u015fli Yavrulu Deri \u00c7anta","date":"27 Temmuz 2024","format":false,"excerpt":"Ayn\u0131 G\u00fcn Kargo","rel":"","context":"Benzer yaz\u0131","img":{"alt_text":"","src":"https:\/\/i0.wp.com\/cuzdandeposu.com\/wp-content\/uploads\/2024\/07\/Majesty_North_1999_Taba_On_Dikisli_Yavrulu_Deri_Canta1.jpeg?resize=350%2C200&ssl=1","width":350,"height":200},"classes":[]},{"id":3333,"url":"https:\/\/cuzdandeposu.com\/index.php\/product\/majesty-north-2255-siyah-yavrulu-deri-canta\/","url_meta":{"origin":2908,"position":5},"title":"Majesty North 2255 Siyah Yavrulu Deri \u00c7anta","date":"27 Temmuz 2024","format":false,"excerpt":"Ayn\u0131 G\u00fcn Kargo","rel":"","context":"Benzer yaz\u0131","img":{"alt_text":"","src":"https:\/\/i0.wp.com\/cuzdandeposu.com\/wp-content\/uploads\/2024\/07\/Majesty_North_2255_Siyah_Yavrulu_Deri_Canta1.jpeg?resize=350%2C200&ssl=1","width":350,"height":200},"classes":[]}],"_links":{"self":[{"href":"https:\/\/cuzdandeposu.com\/index.php\/wp-json\/wp\/v2\/product\/2908","targetHints":{"allow":["GET"]}}],"collection":[{"href":"https:\/\/cuzdandeposu.com\/index.php\/wp-json\/wp\/v2\/product"}],"about":[{"href":"https:\/\/cuzdandeposu.com\/index.php\/wp-json\/wp\/v2\/types\/product"}],"replies":[{"embeddable":true,"href":"https:\/\/cuzdandeposu.com\/index.php\/wp-json\/wp\/v2\/comments?post=2908"}],"wp:featuredmedia":[{"embeddable":true,"href":"https:\/\/cuzdandeposu.com\/index.php\/wp-json\/wp\/v2\/media\/2983"}],"wp:attachment":[{"href":"https:\/\/cuzdandeposu.com\/index.php\/wp-json\/wp\/v2\/media?parent=2908"}],"wp:term":[{"taxonomy":"product_brand","embeddable":true,"href":"https:\/\/cuzdandeposu.com\/index.php\/wp-json\/wp\/v2\/product_brand?post=2908"},{"taxonomy":"product_cat","embeddable":true,"href":"https:\/\/cuzdandeposu.com\/index.php\/wp-json\/wp\/v2\/product_cat?post=2908"},{"taxonomy":"product_tag","embeddable":true,"href":"https:\/\/cuzdandeposu.com\/index.php\/wp-json\/wp\/v2\/product_tag?post=2908"}],"curies":[{"name":"wp","href":"https:\/\/api.w.org\/{rel}","templated":true}]}}