{"id":2797,"date":"2022-01-20T14:32:17","date_gmt":"2022-01-20T11:32:17","guid":{"rendered":"https:\/\/cuzdansepetim.com\/?post_type=product&#038;p=2797"},"modified":"2024-02-22T18:20:47","modified_gmt":"2024-02-22T15:20:47","slug":"majesty-north-755-kot-kemeri-gercek-deri-cuzdan-kemer-seti","status":"publish","type":"product","link":"https:\/\/cuzdandeposu.com\/index.php\/product\/majesty-north-755-kot-kemeri-gercek-deri-cuzdan-kemer-seti\/","title":{"rendered":"Majesty North 755 Kot Kemeri Siyah Ger\u00e7ek Deri C\u00fczdan Kemer Seti"},"content":{"rendered":"<p><strong>\u00dcr\u00fcn Bilgileri:<\/strong><\/p>\n<p><strong>Birinci s\u0131n\u0131f deri ve titiz el i\u015f\u00e7ili\u011fi<\/strong>\u00a0ile \u00fcretilmi\u015f<strong>\u00a0MAJESTY NORTH\u00a0<\/strong>markad\u0131r.<\/p>\n<p>Di\u011fer renk ve modellerimiz i\u00e7in ma\u011fazam\u0131z\u0131 ziyaret edebilirsiniz.<\/p>\n<p><strong>MAJESTY NORTH\u00a0<\/strong>C\u00fczdan modellerimiz\u00a0<strong>T\u00fcrkiye de<\/strong><strong>\u00a0TSE standartlar\u0131nda<\/strong>\u00a0\u00fcretilmi\u015f olup\u00a0<strong>%100 Orijinal Deriden<\/strong>\u00a0olu\u015fmaktad\u0131r.<\/p>\n<p><strong>\u00dcr\u00fcn \u00d6l\u00e7\u00fcleri:<\/strong><\/p>\n<div>\n<p>Geni\u015flik; 7 cm<\/p>\n<p>Y\u00fckseklik; 9,5 cm<\/p>\n<\/div>\n<p><strong>\u00dcr\u00fcn Detaylar\u0131:<\/strong><\/p>\n<p><img decoding=\"async\" class=\"emoji\" role=\"img\" draggable=\"false\" src=\"https:\/\/s.w.org\/images\/core\/emoji\/12.0.0-1\/svg\/2705.svg\" alt=\"\u2705\" \/>6 Adet Kredi Kart\u0131 Alabilen Mekanizmal\u0131 B\u00f6lme<\/p>\n<p><img decoding=\"async\" class=\"emoji\" role=\"img\" draggable=\"false\" src=\"https:\/\/s.w.org\/images\/core\/emoji\/12.0.0-1\/svg\/2705.svg\" alt=\"\u2705\" \/>\u00a0D\u0131\u015f K\u0131s\u0131mda 1 Adet Fileli B\u00f6lme (Kimlik\/Ehliyet)<\/p>\n<p><img decoding=\"async\" class=\"emoji\" role=\"img\" draggable=\"false\" src=\"https:\/\/s.w.org\/images\/core\/emoji\/12.0.0-1\/svg\/2705.svg\" alt=\"\u2705\" \/>\u00a01 Adet Ka\u011f\u0131t Para B\u00f6lmesi<\/p>\n<p><img decoding=\"async\" class=\"emoji\" role=\"img\" draggable=\"false\" src=\"https:\/\/s.w.org\/images\/core\/emoji\/12.0.0-1\/svg\/2705.svg\" alt=\"\u2705\" \/>\u00a0%100 Hakiki Ger\u00e7ek Deri<\/p>\n<p>\u00dcr\u00fcnlerimizde\u00a0<strong>\u00a0%100 Yerli S\u0131\u011f\u0131r Derisi<\/strong>, yerli \u00fcretim astar ve 1. kalite aksesuarlar (k\u0131r\u0131lmaz \u00e7ekme \u00e7elik) kullan\u0131lmaktad\u0131r.<\/p>\n<p><strong>Sipari\u015f ve Teslimat:<\/strong><\/p>\n<ul>\n<li>\u00dcr\u00fcnler TSE ve ISO 9002 belgelidir.<\/li>\n<li>Faturan\u0131z garanti belgesi olarak kullan\u0131l\u0131r.<\/li>\n<li>\u00dcr\u00fcnlerimiz 2 y\u0131l\u00a0<strong>MAJESTY NORTH<\/strong>\u00a0firma garantilidir.<\/li>\n<li>T\u00fcm kredi kartlar\u0131na 12 aya varan taksit imkan\u0131.<\/li>\n<li>G\u00f6nderilen t\u00fcm \u00fcr\u00fcnler \u00f6zel koruma k\u0131l\u0131f\u0131nda ve kutusunda teslim edilir.<\/li>\n<li>Alt tutar belirtmeksizin t\u00fcm \u00fcr\u00fcnlerde \u00fccretsiz kargo.<\/li>\n<\/ul>\n","protected":false},"excerpt":{"rendered":"<p>Ayn\u0131 G\u00fcn Kargo | 2 Y\u0131l Garantili \u00dcr\u00fcn | %100 Hakiki Deri<\/p>\n","protected":false},"featured_media":2798,"comment_status":"open","ping_status":"closed","template":"","meta":{"spay_email":"","jetpack_publicize_message":"","jetpack_is_tweetstorm":false,"jetpack_publicize_feature_enabled":true},"product_brand":[],"product_cat":[76],"product_tag":[17,18,19,20,21,22,24,25,26,27,28,29,30,75,31,32,52,34,35,36,37],"class_list":{"0":"post-2797","1":"product","2":"type-product","3":"status-publish","4":"has-post-thumbnail","6":"product_cat-hediye","7":"product_tag-akilli-cuzdan","8":"product_tag-babalar-gunu-hediyesi","9":"product_tag-cuzdan","10":"product_tag-deri-kartlik","11":"product_tag-deri-kredi-kartlik","12":"product_tag-dogum-gunu-hediyesi","13":"product_tag-erkek-cuzdan","14":"product_tag-erkek-kartlik","15":"product_tag-fermuarli-cuzdan","16":"product_tag-hediye","17":"product_tag-kaliteli-cuzdan","18":"product_tag-kaliteli-kartlik","19":"product_tag-kartlik","20":"product_tag-kemer","21":"product_tag-leather","22":"product_tag-majesty-north","23":"product_tag-majesty-north-1352","24":"product_tag-mekanizmali-cuzdan","25":"product_tag-men-wallet","26":"product_tag-sevgiliye-hediye","27":"product_tag-wallet","29":"first","30":"instock","31":"sale","32":"shipping-taxable","33":"purchasable","34":"product-type-simple"},"jetpack-related-posts":[{"id":2799,"url":"https:\/\/cuzdandeposu.com\/index.php\/product\/majesty-north-1585-kot-kemeri-gercek-deri-cuzdan-kemer-seti\/","url_meta":{"origin":2797,"position":0},"title":"Majesty North 1585 Kot Kemeri Siyah Ger\u00e7ek Deri C\u00fczdan Kemer Seti","date":"20 Ocak 2022","format":false,"excerpt":"Ayn\u0131 G\u00fcn Kargo | 2 Y\u0131l Garantili \u00dcr\u00fcn | %100 Hakiki Deri","rel":"","context":"Benzer yaz\u0131","img":{"alt_text":"","src":"https:\/\/i0.wp.com\/cuzdandeposu.com\/wp-content\/uploads\/2022\/01\/Majesty-North-1585-Kot-Kemeri-Gercek-Deri-Cuzdan-Kemer-Seti.jpeg?resize=350%2C200&ssl=1","width":350,"height":200},"classes":[]},{"id":2801,"url":"https:\/\/cuzdandeposu.com\/index.php\/product\/majesty-north-1530-kot-kemeri-gercek-deri-cuzdan-kemer-seti\/","url_meta":{"origin":2797,"position":1},"title":"Majesty North 1530 Kot Kemeri Siyah Ger\u00e7ek Deri C\u00fczdan Kemer Seti","date":"20 Ocak 2022","format":false,"excerpt":"Ayn\u0131 G\u00fcn Kargo | 2 Y\u0131l Garantili \u00dcr\u00fcn | %100 Hakiki Deri","rel":"","context":"Benzer yaz\u0131","img":{"alt_text":"","src":"https:\/\/i0.wp.com\/cuzdandeposu.com\/wp-content\/uploads\/2022\/01\/Majesty-North-1530-Kot-Kemeri-Gercek-Deri-Cuzdan-Kemer-Seti.jpeg?resize=350%2C200&ssl=1","width":350,"height":200},"classes":[]},{"id":2805,"url":"https:\/\/cuzdandeposu.com\/index.php\/product\/majesty-north-1530-kot-kemeri-taba-gercek-deri-cuzdan-kemer-seti\/","url_meta":{"origin":2797,"position":2},"title":"Majesty North 1530 Kot Kemeri Lacivert Ger\u00e7ek Deri C\u00fczdan Kemer Seti","date":"20 Ocak 2022","format":false,"excerpt":"Ayn\u0131 G\u00fcn Kargo | 2 Y\u0131l Garantili \u00dcr\u00fcn | %100 Hakiki Deri","rel":"","context":"Benzer yaz\u0131","img":{"alt_text":"","src":"https:\/\/i0.wp.com\/cuzdandeposu.com\/wp-content\/uploads\/2022\/01\/Majesty-North-1530-Kot-Kemeri-Lacivert-Gercek-Deri-Cuzdan-Kemer-Seti.jpeg?resize=350%2C200&ssl=1","width":350,"height":200},"classes":[]},{"id":2808,"url":"https:\/\/cuzdandeposu.com\/index.php\/product\/majesty-north-1530-kot-kemeri-taba-gercek-deri-cuzdan-kemer-seti-2\/","url_meta":{"origin":2797,"position":3},"title":"Majesty North 1530 Kot Kemeri Taba Ger\u00e7ek Deri C\u00fczdan Kemer Seti","date":"20 Ocak 2022","format":false,"excerpt":"Ayn\u0131 G\u00fcn Kargo | 2 Y\u0131l Garantili \u00dcr\u00fcn | %100 Hakiki Deri","rel":"","context":"Benzer yaz\u0131","img":{"alt_text":"","src":"https:\/\/i0.wp.com\/cuzdandeposu.com\/wp-content\/uploads\/2022\/01\/Majesty-North-1530-Kot-Kemeri-Taba-Gercek-Deri-Cuzdan-Kemer-Seti.jpeg?resize=350%2C200&ssl=1","width":350,"height":200},"classes":[]},{"id":3480,"url":"https:\/\/cuzdandeposu.com\/index.php\/product\/majesty-north-2723-telefon-girisli-lacivert-deri-kadin-cuzdan\/","url_meta":{"origin":2797,"position":4},"title":"Majesty North 2723 Telefon Giri\u015fli Lacivert Deri Kad\u0131n C\u00fczdan","date":"27 Temmuz 2024","format":false,"excerpt":"Ayn\u0131 G\u00fcn Kargo | 2 Y\u0131l Garantili \u00dcr\u00fcn | %100 Hakiki Deri","rel":"","context":"Benzer yaz\u0131","img":{"alt_text":"","src":"https:\/\/i0.wp.com\/cuzdandeposu.com\/wp-content\/uploads\/2024\/07\/Majesty_North_Hakiki_Deri_Kadin_Cuzdan_Lacivert_27231.jpeg?resize=350%2C200&ssl=1","width":350,"height":200},"classes":[]},{"id":3481,"url":"https:\/\/cuzdandeposu.com\/index.php\/product\/majesty-north-2723-telefon-girisli-taba-deri-kadin-cuzdan\/","url_meta":{"origin":2797,"position":5},"title":"Majesty North 2723 Telefon Giri\u015fli Taba Deri Kad\u0131n C\u00fczdan","date":"27 Temmuz 2024","format":false,"excerpt":"Ayn\u0131 G\u00fcn Kargo | 2 Y\u0131l Garantili \u00dcr\u00fcn | %100 Hakiki Deri","rel":"","context":"Benzer yaz\u0131","img":{"alt_text":"","src":"https:\/\/i0.wp.com\/cuzdandeposu.com\/wp-content\/uploads\/2024\/07\/Majesty_North_Hakiki_Deri_Kadin_Cuzdan_Taba_27231.jpeg?resize=350%2C200&ssl=1","width":350,"height":200},"classes":[]}],"_links":{"self":[{"href":"https:\/\/cuzdandeposu.com\/index.php\/wp-json\/wp\/v2\/product\/2797","targetHints":{"allow":["GET"]}}],"collection":[{"href":"https:\/\/cuzdandeposu.com\/index.php\/wp-json\/wp\/v2\/product"}],"about":[{"href":"https:\/\/cuzdandeposu.com\/index.php\/wp-json\/wp\/v2\/types\/product"}],"replies":[{"embeddable":true,"href":"https:\/\/cuzdandeposu.com\/index.php\/wp-json\/wp\/v2\/comments?post=2797"}],"wp:featuredmedia":[{"embeddable":true,"href":"https:\/\/cuzdandeposu.com\/index.php\/wp-json\/wp\/v2\/media\/2798"}],"wp:attachment":[{"href":"https:\/\/cuzdandeposu.com\/index.php\/wp-json\/wp\/v2\/media?parent=2797"}],"wp:term":[{"taxonomy":"product_brand","embeddable":true,"href":"https:\/\/cuzdandeposu.com\/index.php\/wp-json\/wp\/v2\/product_brand?post=2797"},{"taxonomy":"product_cat","embeddable":true,"href":"https:\/\/cuzdandeposu.com\/index.php\/wp-json\/wp\/v2\/product_cat?post=2797"},{"taxonomy":"product_tag","embeddable":true,"href":"https:\/\/cuzdandeposu.com\/index.php\/wp-json\/wp\/v2\/product_tag?post=2797"}],"curies":[{"name":"wp","href":"https:\/\/api.w.org\/{rel}","templated":true}]}}