{"id":2720,"date":"2022-01-20T13:14:36","date_gmt":"2022-01-20T10:14:36","guid":{"rendered":"https:\/\/cuzdansepetim.com\/?post_type=product&#038;p=2720"},"modified":"2024-02-22T18:36:56","modified_gmt":"2024-02-22T15:36:56","slug":"majesty-north-739-mini-fermuarli-deri-cuzdan-yesil","status":"publish","type":"product","link":"https:\/\/cuzdandeposu.com\/index.php\/product\/majesty-north-739-mini-fermuarli-deri-cuzdan-yesil\/","title":{"rendered":"Majesty North 739 Mini Fermuarl\u0131 Deri C\u00fczdan Ye\u015fil"},"content":{"rendered":"<p><strong>\u00dcr\u00fcn Bilgileri:<\/strong><\/p>\n<p><strong>Birinci s\u0131n\u0131f deri ve titiz el i\u015f\u00e7ili\u011fi<\/strong>\u00a0ile \u00fcretilmi\u015f<strong>\u00a0MAJESTY NORTH\u00a0<\/strong>markad\u0131r.<\/p>\n<p>Di\u011fer renk ve modellerimiz i\u00e7in ma\u011fazam\u0131z\u0131 ziyaret edebilirsiniz.<\/p>\n<p><strong>MAJESTY NORTH\u00a0<\/strong>C\u00fczdan modellerimiz\u00a0<strong>T\u00fcrkiye de<\/strong><strong>\u00a0TSE standartlar\u0131nda<\/strong>\u00a0\u00fcretilmi\u015f olup\u00a0<strong>%100 Orijinal Deriden<\/strong>\u00a0olu\u015fmaktad\u0131r.<\/p>\n<p><strong>\u00dcr\u00fcn \u00d6l\u00e7\u00fcleri:<\/strong><\/p>\n<p>Geni\u015flik; 8 cm<\/p>\n<p>Y\u00fckseklik; 11,5 cm<\/p>\n<p><strong>\u00dcr\u00fcn Detaylar\u0131:<\/strong><\/p>\n<p>\u2705\u00a010 adet Kredi Kart\u0131 Koyma Yeri,<br \/>\n\u2705\u00a01 Adet N\u00fcfus C\u00fczdan\u0131 Koyma Yeri,<br \/>\n\u2705\u00a01 adet Ka\u011f\u0131t Para Koyma Yeri,<br \/>\n\u2705\u00a03 Adet Gizli B\u00f6lme.<br \/>\n\u2705\u00a0\u00a0\u00a0\u00a0%100 Hakiki Ger\u00e7ek Deri<\/p>\n<p>\u00dcr\u00fcnlerimizde\u00a0<strong>\u00a0%100 Yerli S\u0131\u011f\u0131r Derisi<\/strong>, yerli \u00fcretim astar ve 1. kalite aksesuarlar (k\u0131r\u0131lmaz \u00e7ekme \u00e7elik) kullan\u0131lmaktad\u0131r.<\/p>\n<p><strong>Sipari\u015f ve Teslimat:<\/strong><\/p>\n<ul>\n<li>\u00dcr\u00fcnler TSE ve ISO 9002 belgelidir.<\/li>\n<li>Faturan\u0131z garanti belgesi olarak kullan\u0131l\u0131r.<\/li>\n<li>\u00dcr\u00fcnlerimiz 2 y\u0131l\u00a0<strong>MAJESTY NORTH<\/strong>\u00a0firma garantilidir.<\/li>\n<li>T\u00fcm kredi kartlar\u0131na 12 aya varan taksit imkan\u0131.<\/li>\n<li>G\u00f6nderilen t\u00fcm \u00fcr\u00fcnler \u00f6zel koruma k\u0131l\u0131f\u0131nda ve kutusunda teslim edilir.<\/li>\n<li>Alt tutar belirtmeksizin t\u00fcm \u00fcr\u00fcnlerde \u00fccretsiz kargo.<\/li>\n<\/ul>\n","protected":false},"excerpt":{"rendered":"<div class=\"product-short-description\">\n<div class=\"product-short-description\">\n<div class=\"product-short-description\">\n<div class=\"product-short-description\">\n<div class=\"product-short-description\">\n<div class=\"pro-title\">\n<p id=\"ellipsisBalloon\" class=\"txtEllipsis\">Ayn\u0131 G\u00fcn Kargo | 2 Y\u0131l Garantili \u00dcr\u00fcn | %100 Hakiki Deri<\/p>\n<\/div>\n<div class=\"rating\"><\/div>\n<\/div>\n<\/div>\n<\/div>\n<\/div>\n<\/div>\n<form class=\"cart\" action=\"https:\/\/majestynorth.com\/urun\/majesty-north-1760-deri-lacivert-cuzdan\/\" enctype=\"multipart\/form-data\" method=\"post\">\n<div class=\"quantity buttons_added\"><\/div>\n<\/form>\n","protected":false},"featured_media":2713,"comment_status":"open","ping_status":"closed","template":"","meta":{"spay_email":"","jetpack_publicize_message":"","jetpack_is_tweetstorm":false,"jetpack_publicize_feature_enabled":true},"product_brand":[],"product_cat":[23],"product_tag":[17,18,19,20,21,22,24,25,26,27,28,29,30,31,32,49,34,35,36,37],"class_list":{"0":"post-2720","1":"product","2":"type-product","3":"status-publish","4":"has-post-thumbnail","6":"product_cat-erkek-cuzdan","7":"product_tag-akilli-cuzdan","8":"product_tag-babalar-gunu-hediyesi","9":"product_tag-cuzdan","10":"product_tag-deri-kartlik","11":"product_tag-deri-kredi-kartlik","12":"product_tag-dogum-gunu-hediyesi","13":"product_tag-erkek-cuzdan","14":"product_tag-erkek-kartlik","15":"product_tag-fermuarli-cuzdan","16":"product_tag-hediye","17":"product_tag-kaliteli-cuzdan","18":"product_tag-kaliteli-kartlik","19":"product_tag-kartlik","20":"product_tag-leather","21":"product_tag-majesty-north","22":"product_tag-majesty-north-739","23":"product_tag-mekanizmali-cuzdan","24":"product_tag-men-wallet","25":"product_tag-sevgiliye-hediye","26":"product_tag-wallet","28":"first","29":"outofstock","30":"sale","31":"shipping-taxable","32":"purchasable","33":"product-type-simple"},"jetpack-related-posts":[{"id":2697,"url":"https:\/\/cuzdandeposu.com\/index.php\/product\/majesty-north-739-mini-fermuarli-deri-cuzdan-bordo\/","url_meta":{"origin":2720,"position":0},"title":"Majesty North 739 Mini Fermuarl\u0131 Deri C\u00fczdan Bordo","date":"20 Ocak 2022","format":false,"excerpt":"Ayn\u0131 G\u00fcn Kargo | 2 Y\u0131l Garantili \u00dcr\u00fcn | %100 Hakiki Deri","rel":"","context":"Benzer yaz\u0131","img":{"alt_text":"","src":"https:\/\/i0.wp.com\/cuzdandeposu.com\/wp-content\/uploads\/2022\/01\/Majesty-North-739-Mini-Fermuarli-Deri-Cuzdan-Bordo1.jpeg?resize=350%2C200&ssl=1","width":350,"height":200},"classes":[]},{"id":2716,"url":"https:\/\/cuzdandeposu.com\/index.php\/product\/majesty-north-739-mini-fermuarli-deri-cuzdan-gri\/","url_meta":{"origin":2720,"position":1},"title":"Majesty North 739 Mini Fermuarl\u0131 Deri C\u00fczdan Gri","date":"20 Ocak 2022","format":false,"excerpt":"Ayn\u0131 G\u00fcn Kargo | 2 Y\u0131l Garantili \u00dcr\u00fcn | %100 Hakiki Deri","rel":"","context":"Benzer yaz\u0131","img":{"alt_text":"","src":"https:\/\/i0.wp.com\/cuzdandeposu.com\/wp-content\/uploads\/2022\/01\/Majesty-North-739-Mini-Fermuarli-Deri-Cuzdan-Gri1.jpeg?resize=350%2C200&ssl=1","width":350,"height":200},"classes":[]},{"id":2717,"url":"https:\/\/cuzdandeposu.com\/index.php\/product\/majesty-north-739-mini-fermuarli-deri-cuzdan-lacivert\/","url_meta":{"origin":2720,"position":2},"title":"Majesty North 739 Mini Fermuarl\u0131 Deri C\u00fczdan Lacivert","date":"20 Ocak 2022","format":false,"excerpt":"Ayn\u0131 G\u00fcn Kargo | 2 Y\u0131l Garantili \u00dcr\u00fcn | %100 Hakiki Deri","rel":"","context":"Benzer yaz\u0131","img":{"alt_text":"","src":"https:\/\/i0.wp.com\/cuzdandeposu.com\/wp-content\/uploads\/2022\/01\/Majesty-North-739-Mini-Fermuarli-Deri-Cuzdan-Lacivert1.jpeg?resize=350%2C200&ssl=1","width":350,"height":200},"classes":[]},{"id":2718,"url":"https:\/\/cuzdandeposu.com\/index.php\/product\/majesty-north-739-mini-fermuarli-deri-cuzdan-siyah\/","url_meta":{"origin":2720,"position":3},"title":"Majesty North 739 Mini Fermuarl\u0131 Deri C\u00fczdan Siyah","date":"20 Ocak 2022","format":false,"excerpt":"Ayn\u0131 G\u00fcn Kargo | 2 Y\u0131l Garantili \u00dcr\u00fcn | %100 Hakiki Deri","rel":"","context":"Benzer yaz\u0131","img":{"alt_text":"","src":"https:\/\/i0.wp.com\/cuzdandeposu.com\/wp-content\/uploads\/2022\/01\/Majesty-North-739-Mini-Fermuarli-Deri-Cuzdan-Siyah1.jpeg?resize=350%2C200&ssl=1","width":350,"height":200},"classes":[]},{"id":2719,"url":"https:\/\/cuzdandeposu.com\/index.php\/product\/majesty-north-739-mini-fermuarli-deri-cuzdan-taba\/","url_meta":{"origin":2720,"position":4},"title":"Majesty North 739 Mini Fermuarl\u0131 Deri C\u00fczdan Taba","date":"20 Ocak 2022","format":false,"excerpt":"Ayn\u0131 G\u00fcn Kargo | 2 Y\u0131l Garantili \u00dcr\u00fcn | %100 Hakiki Deri","rel":"","context":"Benzer yaz\u0131","img":{"alt_text":"","src":"https:\/\/i0.wp.com\/cuzdandeposu.com\/wp-content\/uploads\/2022\/01\/Majesty-North-739-Mini-Fermuarli-Deri-Cuzdan-Taba1.jpeg?resize=350%2C200&ssl=1","width":350,"height":200},"classes":[]},{"id":2671,"url":"https:\/\/cuzdandeposu.com\/index.php\/product\/majesty-north-4043-bordo-deri-telefonlu-cuzdan\/","url_meta":{"origin":2720,"position":5},"title":"Majesty North 4043 Bordo Deri Telefonlu C\u00fczdan","date":"20 Ocak 2022","format":false,"excerpt":"Ayn\u0131 G\u00fcn Kargo | 2 Y\u0131l Garantili \u00dcr\u00fcn | %100 Hakiki Deri","rel":"","context":"Benzer yaz\u0131","img":{"alt_text":"","src":"https:\/\/i0.wp.com\/cuzdandeposu.com\/wp-content\/uploads\/2022\/01\/Majesty-North-4043-Bordo-Deri-Telefonlu-Cuzdan1.jpeg?resize=350%2C200&ssl=1","width":350,"height":200},"classes":[]}],"_links":{"self":[{"href":"https:\/\/cuzdandeposu.com\/index.php\/wp-json\/wp\/v2\/product\/2720","targetHints":{"allow":["GET"]}}],"collection":[{"href":"https:\/\/cuzdandeposu.com\/index.php\/wp-json\/wp\/v2\/product"}],"about":[{"href":"https:\/\/cuzdandeposu.com\/index.php\/wp-json\/wp\/v2\/types\/product"}],"replies":[{"embeddable":true,"href":"https:\/\/cuzdandeposu.com\/index.php\/wp-json\/wp\/v2\/comments?post=2720"}],"wp:featuredmedia":[{"embeddable":true,"href":"https:\/\/cuzdandeposu.com\/index.php\/wp-json\/wp\/v2\/media\/2713"}],"wp:attachment":[{"href":"https:\/\/cuzdandeposu.com\/index.php\/wp-json\/wp\/v2\/media?parent=2720"}],"wp:term":[{"taxonomy":"product_brand","embeddable":true,"href":"https:\/\/cuzdandeposu.com\/index.php\/wp-json\/wp\/v2\/product_brand?post=2720"},{"taxonomy":"product_cat","embeddable":true,"href":"https:\/\/cuzdandeposu.com\/index.php\/wp-json\/wp\/v2\/product_cat?post=2720"},{"taxonomy":"product_tag","embeddable":true,"href":"https:\/\/cuzdandeposu.com\/index.php\/wp-json\/wp\/v2\/product_tag?post=2720"}],"curies":[{"name":"wp","href":"https:\/\/api.w.org\/{rel}","templated":true}]}}